{"id":11,"date":"2015-11-10T15:27:30","date_gmt":"2015-11-10T14:27:30","guid":{"rendered":"http:\/\/tecnosoft.eu\/?page_id=11"},"modified":"2020-08-06T18:13:44","modified_gmt":"2020-08-06T16:13:44","slug":"research-and-development","status":"publish","type":"page","link":"https:\/\/www.tecnosoft.eu\/it\/ricerca-e-sviluppo\/","title":{"rendered":"Ricerca e sviluppo"},"content":{"rendered":"<p><\/p>\n<h3 id=\"research-and-development-advisoring\">Consulenza<\/h3>\n<h4>We Deliver Data.<\/h4>\n<p>Tecnosoft ti fornisce l\u2019unica cosa che veramente ti interessa: il Dato. Di qualsiasi tipo, di qualsiasi natura e contenuto, la cosa importante \u00e8 che i dati che ricevi siano sicuri, accurati e fruibili.<\/p>\n<p>Affidati al nostro Team commerciale per una consulenza su quale sia la migliore soluzione per le tue esigenze. Grazie alle informazioni che ci fornirai relativamente al tuo processo o esigenza di monitoraggio, tramite una serie di domande mirate, individueremo il sistema che fa per te. Inoltre, se non trovi a catalogo il sistema che cerchi contattaci comunque! Possiamo sempre personalizzare un sistema esistente oppure svilupparne uno apposta per te. E\u2019 questo il bello di parlare direttamente con chi progetta e sviluppa le tue soluzioni!<\/p>\n<p><!--contentpartdivider--><\/p>\n<h3 id=\"research-and-development-content-customization\">Personalizzazione<\/h3>\n<p>Tecnosoft progetta, sviluppa ed assembla i propri sistemi al suo interno e possiede tutti gli strumenti necessari per poter adattare, modificare e personalizzare ogni parte di essi. Se avete<br \/>\nun\u2019esigenza particolare e trovate uno strumento che possa fare al caso vostro tra quelli a catalogo ma lo vorreste leggermente diverso, contattateci comunque! Potremo discutere delle eventuali modifiche e personalizzazioni da apportare cos\u00ec da realizzare lo strumento su misura per voi.<\/p>\n<p>Se, invece, non trovate lo strumento che fa al caso vostro, anche in questo caso contattateci: potremmo comunque trovare una soluzione derivandola da sistemi esistenti oppure progettare un nuovo sistema ad hoc che si adatti alla vostra applicazione.<\/p>\n<p><!--contentpartdivider--><\/p>\n<h3 id=\"research-and-development-rad\">R&amp;D<\/h3>\n<p>Tecnosoft, sin dai suoi esordi, \u00e8 stata ed \u00e8 un\u2019azienda fortemente orientata alla Ricerca &amp; Sviluppo di sistemi di acquisizione dati che sfruttano le novit\u00e0 tecnologiche disponibili sul mercato. La nostra esperienza \u00e8 ultratrentennale e negli anni i nostri progetti hanno spaziato in diversi campi di applicazione, creando cos\u00ec il nostro back ground ed il nostro know how in molteplici settori.<\/p>\n<p>L\u2019unione di una lunga storia ed esperienza e di una propensione allo studio di tutto ci\u00f2 che il settore tecnologico offre ci consente di saper progettare sistemi anche molto complessi, a partire dallo studio delle specifiche fino alla produzione vera e propria. Sappiamo rispondere velocemente alle esigenze del cliente, coglierne le richieste ed adattare soluzioni esistenti o progettarne di nuove.<\/p>\n<p>Affidati a noi per il tuo progetto. Contattaci, le nostre soluzioni sono altamente scalabili: possiamo offrirti la nostra consulenza per scegliere uno dei nostri sistemi standard, oppure personalizzarli secondo le tue richieste, modificarli per applicazioni OEM o ancora progettare con te un sistema completamente nuovo. Siamo in grado di seguire il progetto sia nello sviluppo hardware che firmware e software, collaborando con il Cliente alla stesura delle specifiche ed alla ricerca dei migliori accorgimenti da adottare.<\/p>\n<p>Tecnosoft negli anni ha sviluppato progetti per importanti aziende in campo medicale, geotecnico e non solo. Le soluzioni innovative adottate in queste progettazioni hanno permesso a Tecnosoft di sviluppare sistemi e software tecnico-scientifico all&#8217;avanguardia, apprezzati dagli operatori del settore.<\/p>\n<p><!--contentpartdivider--><\/p>\n<h3 id=\"research-and-development-content-oem\">OEM<\/h3>\n<p>Sei uno sviluppatore o un produttore di macchinari?<br \/>\nStai cercando dei dispositivi da implementare nei tuoi sistemi ma non trovi un partner affidabile e competente?<br \/>\n<a title=\"Contattaci\" href=\"http:\/\/tecnosoft.eu\/it\/contatti\/\">Contattaci<\/a> ora ed insieme potremo collaborare per sviluppare il tuo nuovo progetto. Tutti sistemi ed i dispositivi Tecnosoft sono facilmente implementabili. Sia che tu voglia interfacciarti semplicemente tramite la tua app od il tuo software sia che tu voglia implementare le nostra elettronica nel tuo macchinario, possiamo fornirti tutta la consulenza e l\u2019assistenza che stai cercando. Da SDK pronte all\u2019uso fino a sviluppi ad hoc, potrai avvalerti di un\u2019esperienza trentennale e di una conoscenza tecnologica in costante aggiornamento.<\/p>","protected":false},"excerpt":{"rendered":"<p>Consulenza We Deliver Data. Tecnosoft ti fornisce l\u2019unica cosa che veramente ti interessa: il Dato. Di qualsiasi tipo, di qualsiasi [&hellip;]<\/p>\n","protected":false},"author":1,"featured_media":0,"parent":0,"menu_order":60,"comment_status":"closed","ping_status":"closed","template":"","meta":[],"acf":[],"aioseo_notices":[],"_links":{"self":[{"href":"https:\/\/www.tecnosoft.eu\/it\/wp-json\/wp\/v2\/pages\/11"}],"collection":[{"href":"https:\/\/www.tecnosoft.eu\/it\/wp-json\/wp\/v2\/pages"}],"about":[{"href":"https:\/\/www.tecnosoft.eu\/it\/wp-json\/wp\/v2\/types\/page"}],"author":[{"embeddable":true,"href":"https:\/\/www.tecnosoft.eu\/it\/wp-json\/wp\/v2\/users\/1"}],"replies":[{"embeddable":true,"href":"https:\/\/www.tecnosoft.eu\/it\/wp-json\/wp\/v2\/comments?post=11"}],"version-history":[{"count":4,"href":"https:\/\/www.tecnosoft.eu\/it\/wp-json\/wp\/v2\/pages\/11\/revisions"}],"predecessor-version":[{"id":144,"href":"https:\/\/www.tecnosoft.eu\/it\/wp-json\/wp\/v2\/pages\/11\/revisions\/144"}],"wp:attachment":[{"href":"https:\/\/www.tecnosoft.eu\/it\/wp-json\/wp\/v2\/media?parent=11"}],"curies":[{"name":"wp","href":"https:\/\/api.w.org\/{rel}","templated":true}]}}