{"id":451,"date":"2023-10-23T09:46:55","date_gmt":"2023-10-23T07:46:55","guid":{"rendered":"https:\/\/www.tecnosoft.eu\/it\/?page_id=451"},"modified":"2023-10-31T09:47:52","modified_gmt":"2023-10-31T08:47:52","slug":"privacy-policy","status":"publish","type":"page","link":"https:\/\/www.tecnosoft.eu\/it\/privacy-policy\/","title":{"rendered":"Privacy Policy"},"content":{"rendered":"<p><\/p>\n<h2>INFORMATIVA PRIVACY DI Tecnosoft s.r.l. Via Luigi Galvani, 4, 20068, Peschiera Borromeo (MI), Italy P.Iva e C.F. 09553010159\u00a0\u00a0 Tel. +39 02 2692 2888\u00a0 E-Mail tecnosoft@tecnosoft.eu<\/h2>\n<ol>\n<li>\n<h3>Ambito di applicazione<\/h3>\n<p>La presente informativa sulla privacy redatta in ottemperanza al GDPR UE 2016\/679 spiega in che modo raccogliamo e utilizziamo i dati personali.<\/p>\n<p>Un \u201cdato personale\u201d \u00e8 qualsiasi informazione riguardante una persona fisica identificata o identificabile; si considera identificabile la persona fisica che pu\u00f2 essere identificata, direttamente o indirettamente, con particolare riferimento a un identificativo come il nome, un numero di identificazione, dati relativi all&#8217;ubicazione, un identificativo online o a uno o pi\u00f9 elementi caratteristici della sua identit\u00e0 fisica, fisiologica, genetica, psichica, economica, culturale o sociale.<\/p>\n<p>Raccogliamo dati personali con vari metodi nel corso delle nostre normali attivit\u00e0 aziendali, sia online che offline. Questo avviene, ad esempio, nei casi in cui i clienti effettuano un ordine o acquistano prodotti o servizi, stipulano contratti o comunicano con noi, oppure visitano e utilizzano i nostri siti web. Inoltre, riceviamo dati personali dai nostri clienti per fornire servizi per loro conto.<\/li>\n<li>\n<h3>Identit\u00e0 del titolare del trattamento dei dati, GDPR art.28<\/h3>\n<p>Per identificare l\u2019entit\u00e0 di TECNOSOFT S.R.L. responsabile per il trattamento dei vostri dati personali, potete rivolgervi al vostro referente commerciale in TECNOSOFT S.R.L., consultare l\u2019elenco delle nostre sedi sul sito pubblico di TECNOSOFT S.R.L. (<a href=\"https:\/\/www.tecnosoft.eu\">https:\/\/www.tecnosoft.eu<\/a>) oppure contattare i nostri uffici a mezzo mail (<a href=\"mailto:tecnosoft@tecnosoft.eu\">tecnosoft@tecnosoft.eu<\/a>).<\/li>\n<li>\n<h3>Categorie di dati personali, GDPR art.4<\/h3>\n<p>I dati personali che potremmo raccogliere e trattare comprendono:<\/p>\n<ul>\n<li>Dati di contatto che ci permettono di comunicare con voi, come nome e cognome, professione, et\u00e0, prefisso, nome utente, indirizzo, numeri di telefono, indirizzo e-mail o altri indirizzi a cui possiamo inviare messaggi, informazioni sulla societ\u00e0 e dati di registrazione da voi inseriti sul nostro sito web.<\/li>\n<li>Dati inerenti alle nostre relazioni commerciali con voi, ad esempio i tipi di prodotti e servizi che vi possono interessare, le preferenze sui prodotti e le modalit\u00e0 di contatto, le lingue, la solvibilit\u00e0, le preferenze di marketing e i dati demografici.<\/li>\n<li>Dati transazionali relativi al vostro modo di interagire con noi, riguardanti ad esempio acquisti, richieste di informazioni, dati sugli account dei clienti, informazioni su ordini e contratti, dati per le consegne, dati di fatturazione e coordinate bancarie, informazioni fiscali, cronologia delle transazioni e della corrispondenza, e informazioni sul vostro modo di utilizzare e interagire con i nostri siti web.<\/li>\n<li>Dati in materia di sicurezza e compliance che ci permettono di tutelare i nostri interessi, incluse le informazioni necessarie per il controllo dei conflitti, la prevenzione antifrode e le verifiche interne, cos\u00ec come le informazioni necessarie per la sicurezza delle nostre sedi, ad esempio le registrazioni video.<\/li>\n<li>I nostri prodotti possono raccogliere informazioni riguardanti la configurazione, le impostazioni e il funzionamento dei sistemi, informazioni sugli eventi o altri dati acquisiti nell\u2019ambito del normale funzionamento dei nostri prodotti. Queste informazioni possono includere dati rilevati da sensori, dati sulle apparecchiature, dati riguardanti gli spazi degli edifici, dati sul consumo di energia, dati sugli errori, dati sugli eventi, dati ambientali, altri dati interni o esterni e informazioni sull\u2019utilizzo e le prestazioni dei prodotti. In alcune circostanze, queste informazioni possono costituire dati personali. Nel caso dei prodotti di sicurezza o di videosorveglianza, le informazioni possono includere anche segnali e dati video e audio. La natura e la portata dei dati raccolti dai nostri prodotti varier\u00e0 in base al tipo e alla funzione dei prodotti e al tipo di servizi per cui essi vengono utilizzati, entro i limiti previsti dalle leggi vigenti.<\/li>\n<\/ul>\n<\/li>\n<li>\n<h3>Base giuridica del trattamento, GDPR art.6<\/h3>\n<ol>\n<li>L\u2019esecuzione di contratti con nostri clienti e fornitori.<\/li>\n<li>Gli interessi legittimi di TECNOSOFT S.R.L., rappresentati dalle nostre consuete attivit\u00e0 commerciali.<\/li>\n<\/ol>\n<\/li>\n<li>\n<h3>Finalit\u00e0 del trattamento, GDPR art.13 e 14<\/h3>\n<ul>\n<li>L\u2019esecuzione degli ordini di prodotti o servizi e delle attivit\u00e0 correlate, come la consegna dei prodotti e servizi, l\u2019assistenza clienti, la gestione dei registri contabili e delle fatture, le attivit\u00e0 di formazione e supporto, l\u2019aggiornamento dei prodotti e l\u2019invio di avvertenze relative alla sicurezza, cos\u00ec come la fornitura di altri servizi collegati agli acquisti.<\/li>\n<li>La gestione dei nostri obblighi contrattuali e delle relazioni con i clienti, in particolare la gestione delle interazioni con i clienti, l\u2019analisi e il miglioramento dei prodotti e dei servizi che offriamo, la comunicazione di informazioni sui nostri prodotti o servizi e la comunicazione di offerte e promozioni speciali.<\/li>\n<li>La protezione dei siti web, delle reti, dei sistemi e delle sedi della nostra azienda, e la protezione contro le frodi.<\/li>\n<li>La gestione delle nostre esigenze aziendali ordinarie, come l\u2019elaborazione dei pagamenti, la gestione contabile e finanziaria, lo sviluppo dei prodotti, la gestione dei contratti, l\u2019amministrazione dei siti web, l\u2019adempimento degli obblighi, la corporate governance, le revisioni contabili, la reportistica e la compliance.<\/li>\n<\/ul>\n<\/li>\n<li>\n<h3>Destinatari dei dati personali<\/h3>\n<ul>\n<li>\n<h4>Terze parti<\/h4>\n<p>potremmo utilizzare terze parti che forniscano o prestino servizi e funzioni per nostro conto. Potremmo rendere i dati personali disponibili a queste terze parti ai fini dell&#8217;esecuzione dei suddetti servizi e funzioni. Qualsiasi trattamento dei suddetti dati personali sar\u00e0 soggetto alle nostre istruzioni e compatibile con le finalit\u00e0 originali.<\/li>\n<li>\n<h4>Richieste previste per legge<\/h4>\n<p>potremmo rendere disponibili i dati personali relativi a determinati individui alle autorit\u00e0 pubbliche o giudiziarie, alle forze dell\u2019ordine o ad altri organismi previsti dalla legge, ad esempio per ragioni di sicurezza nazionale o requisiti di tutela dell\u2019ordine pubblico, cos\u00ec come ad autorit\u00e0 e tribunali dei paesi in cui operiamo. Entro i limiti di legge, potremmo inoltre comunicare le suddette informazioni a terze parti (inclusi consulenti legali) quando ci\u00f2 si renda necessario per avanzare, esercitare o difenderci da azioni legali o per far valere in altro modo i nostri diritti, proteggere le nostre propriet\u00e0 oppure i diritti, le propriet\u00e0 o la sicurezza di altri o, all\u2019occorrenza, per supportare funzioni di revisione esterna, compliance e corporate governance.<\/li>\n<li>\n<h4>Fusioni e acquisizioni<\/h4>\n<p>i dati personali potrebbero essere trasferiti a un soggetto che acquisisca interamente o in parte il patrimonio o gli asset di TECNOSOFT S.R.L. o le sue attivit\u00e0 operative in caso di vendita, fusione, liquidazione, scioglimento o altre operazioni societarie.<\/li>\n<li>\n<h4>Affiliate<\/h4>\n<p>potremmo inoltre trasferire e comunicare le suddette informazioni alle affiliate di TECNOSOFT S.R.L. nel rispetto delle leggi vigenti.<\/li>\n<\/ul>\n<\/li>\n<li>\n<h3>Trasferimenti internazionali, GDPR artt. da 44 a 49<\/h3>\n<p>Le terze parti, le consociate e le affiliate a cui potremmo comunicare i vostri dati personali possono trovarsi in altri paesi; di conseguenza, \u00e8 possibile che i dati vengano trasmessi in paesi in cui le norme di protezione della privacy siano diverse da quelle del vostro paese di residenza. In questi casi, adotteremo opportune misure per far s\u00ec che i vostri dati personali ricevano un adeguato livello di protezione; queste misure includono le nostre Norme vincolanti d\u2019impresa, che stabiliscono disposizioni rigorose per il trattamento dei dati personali che acquisiamo ed elaboriamo in tutto il mondo, nonch\u00e9 i termini contrattuali standard a protezione dei vostri dati personali.<\/li>\n<li>\n<h3>Conservazione dei dati, GDPR art. 5-a<\/h3>\n<p>I dati personali saranno conservati per la durata necessaria al conseguimento dello scopo per il quale erano stati raccolti, solitamente per la durata della relazione contrattuale e, successivamente, per la durata prescritta o consentita dalle leggi vigenti.<\/li>\n<li>\n<h3>Protezione dei dati personali, GDPR art.25<\/h3>\n<p>Misure di sicurezza per la protezione dei dati personali: adottiamo misure tecniche, fisiche e organizzative adeguate al fine di proteggere i dati personali contro la distruzione accidentale o illegittima, la perdita, l\u2019alterazione, la divulgazione, l&#8217;accesso non autorizzato e qualsiasi altra forma di trattamento illegittima.<\/p>\n<p>L\u2019accesso ai dati personali \u00e8 limitato ai destinatari autorizzati che abbiano motivazioni fondate per venirne a conoscenza. Adottiamo un programma completo per la sicurezza delle informazioni che \u00e8 proporzionato ai rischi associati al trattamento. Questo programma viene periodicamente rivisto al fine di mitigare i rischi operativi e di proteggere i dati personali in considerazione delle prassi accettate nel settore. Adottiamo inoltre misure di sicurezza rafforzate per il trattamento dei dati personali sensibili.<\/p>\n<p>Come proteggiamo i dati personali che elaboriamo per conto dei nostri clienti (in qualit\u00e0 di responsabili del trattamento dei dati): in alcuni casi elaboriamo dati personali come servizio per conto di nostri clienti (in qualit\u00e0 di responsabili del trattamento dei dati). In questi casi raccogliamo ed elaboriamo i dati personali secondo le istruzioni del cliente, e non li utilizziamo n\u00e9 li comunichiamo per finalit\u00e0 nostre. Adottiamo misure di controllo sulla sicurezza delle informazioni per proteggere i dati cos\u00ec raccolti e ci impegniamo a comunicare o a trasferire i dati personali unicamente nel rispetto delle istruzioni del cliente o per fornire il servizio richiesto. Salvo diverse istruzioni dei clienti, i dati personali che elaboriamo per loro conto vengono trattati in linea con i nostri impegni in materia di divulgazione e transfer.<\/li>\n<li>\n<h3>Il nostro sito web<\/h3>\n<ul>\n<li>\n<h4>Cookie, dati di utilizzo e strumenti simili<\/h4>\n<p>Quando si visitano i nostri siti web, possiamo acquisire determinate informazioni con mezzi automatici, usando varie tecnologie quali cookie, pixel tag, strumenti di analisi dei browser, log dei server e web beacon. In molti casi, le informazioni da noi raccolte attraverso cookie e altri strumenti vengono usate in modo non identificabile, senza alcun riferimento a dati personali.<\/p>\n<p>I cookie sono piccoli file di testo che i siti web trasferiscono al vostro computer o al disco rigido di un altro dispositivo attraverso il web browser che utilizzate per visitarli. Potremmo usare i cookie per rendere pi\u00f9 efficiente l&#8217;accesso e l\u2019utilizzo dei nostri siti web, per adattarli alle vostre preferenze di navigazione e per migliorarne le funzionalit\u00e0. I cookie possono essere usati per la gestione delle prestazioni, e per raccogliere informazioni per scopi analitici sul modo in cui viene utilizzato il nostro sito web. Possono inoltre essere usati per la gestione delle funzionalit\u00e0, permettendoci di rendere pi\u00f9 efficienti le visite degli utenti ricordando, ad esempio, le preferenze sulla lingua, le password e i dettagli di accesso. Esistono due tipi di cookie: i cookie di sessione, che vengono cancellati dal dispositivo quando si esce dal sito web; e i cookie persistenti, che rimangono sul dispositivo pi\u00f9 a lungo o finch\u00e9 non vengono cancellati manualmente.<\/p>\n<p>L\u2019utilizzo dei Cookies, ed i relativi consensi, da parte di TECNOSOFT S.R.L. \u00e8 dettagliatamente descritto all\u2019interno del sito web <a href=\"https:\/\/www.tecnosoft.eu\">https:\/\/www.tecnosoft.eu<\/a> come da normativa.<\/li>\n<li>\n<h4>Minorenni<\/h4>\n<p>I nostri siti web non sono destinati ai minorenni e non vengono utilizzati per ricavare intenzionalmente informazioni personali da minorenni o per svolgere attivit\u00e0 di commercializzazione verso minorenni. Se venissimo a conoscenza del fatto che un minorenne ha fornito informazioni personali attraverso uno dei nostri siti web provvederemo a rimuovere quelle informazioni dai nostri sistemi.<\/li>\n<\/ul>\n<\/li>\n<li>\n<h3>I vostri diritti, GDPR art.15<\/h3>\n<p>Per richiedere l\u2019accesso, la rettifica o l\u2019aggiornamento di dati personali inesatti o non pi\u00f9 validi potete contattare il nostro ufficio per la privacy scrivendo a <a href=\"mailto:tecnosoft@tecnosoft.eu\">tecnosoft@tecnosoft.eu<\/a>. Entro i limiti previsti per legge, avete il diritto di richiedere la cancellazione dei vostri dati personali, la limitazione del trattamento dei dati che vi riguardano, di opporvi al loro trattamento e di far valere il diritto alla portabilit\u00e0 dei dati.<\/p>\n<p>Potreste inoltre avere diritto a sporgere un reclamo presso le autorit\u00e0 di sorveglianza.<\/li>\n<li>\n<h3>Consenso e revoca del consenso, GDPR art.7<\/h3>\n<p>Nel fornirci i vostri dati personali, prendete atto e acconsentite alla raccolta, al trattamento, al trasferimento internazionale e all\u2019uso dei suddetti dati secondo quanto previsto nella presente informativa sulla privacy. Laddove richiesto per legge vi sar\u00e0 chiesto un consenso esplicito.<\/p>\n<p>Avrete sempre la possibilit\u00e0 di opporvi all\u2019uso dei vostri dati personali per finalit\u00e0 di marketing diretto o di revocare qualsiasi consenso precedentemente espresso per una finalit\u00e0 specifica, a titolo gratuito, seguendo le istruzioni contenute nelle e-mail o contattando il nostro ufficio per la privacy all\u2019indirizzo mail <a href=\"mailto:tecnosoft@tecnosoft.eu\">tecnosoft@tecnosoft.eu<\/a>.<\/li>\n<li>\n<h3>Processo decisionale automatizzato<\/h3>\n<p>TECNOSOFT S.R.L. rispetta i diritti previsti per legge riguardo al processo decisionale automatizzato.<\/li>\n<li>\n<h3>Come contattarci<\/h3>\n<p>Per comunicare con noi riguardo a problematiche relative alla privacy, o per inviarci domande, commenti o reclami, potete contattare il nostro ufficio per la privacy scrivendo all\u2019indirizzo mail <a href=\"mailto:tecnosoft@tecnosoft.eu\">tecnosoft@tecnosoft.eu<\/a>.<\/li>\n<li>\n<h3>Modifiche alla nostra informativa sulla privacy<\/h3>\n<p>Ci riserviamo il diritto di cambiare, modificare e aggiornare la presente informativa sulla privacy in qualsiasi momento. Raccomandiamo di controllarla periodicamente per avere la certezza di avere letto la versione pi\u00f9 aggiornata.<\/li>\n<\/ol>\n<p>L\u2019ultimo aggiornamento della presente informativa sulla privacy \u00e8 in vigore dal: 01 ottobre 2023<\/p>","protected":false},"excerpt":{"rendered":"<p>INFORMATIVA PRIVACY DI Tecnosoft s.r.l. Via Luigi Galvani, 4, 20068, Peschiera Borromeo (MI), Italy P.Iva e C.F. 09553010159\u00a0\u00a0 Tel. +39 [&hellip;]<\/p>\n","protected":false},"author":1,"featured_media":0,"parent":0,"menu_order":0,"comment_status":"closed","ping_status":"closed","template":"","meta":[],"acf":[],"aioseo_notices":[],"_links":{"self":[{"href":"https:\/\/www.tecnosoft.eu\/it\/wp-json\/wp\/v2\/pages\/451"}],"collection":[{"href":"https:\/\/www.tecnosoft.eu\/it\/wp-json\/wp\/v2\/pages"}],"about":[{"href":"https:\/\/www.tecnosoft.eu\/it\/wp-json\/wp\/v2\/types\/page"}],"author":[{"embeddable":true,"href":"https:\/\/www.tecnosoft.eu\/it\/wp-json\/wp\/v2\/users\/1"}],"replies":[{"embeddable":true,"href":"https:\/\/www.tecnosoft.eu\/it\/wp-json\/wp\/v2\/comments?post=451"}],"version-history":[{"count":5,"href":"https:\/\/www.tecnosoft.eu\/it\/wp-json\/wp\/v2\/pages\/451\/revisions"}],"predecessor-version":[{"id":457,"href":"https:\/\/www.tecnosoft.eu\/it\/wp-json\/wp\/v2\/pages\/451\/revisions\/457"}],"wp:attachment":[{"href":"https:\/\/www.tecnosoft.eu\/it\/wp-json\/wp\/v2\/media?parent=451"}],"curies":[{"name":"wp","href":"https:\/\/api.w.org\/{rel}","templated":true}]}}