{"id":9,"date":"2015-11-10T15:27:10","date_gmt":"2015-11-10T14:27:10","guid":{"rendered":"http:\/\/tecnosoft.eu\/?page_id=9"},"modified":"2024-01-10T09:12:12","modified_gmt":"2024-01-10T08:12:12","slug":"company","status":"publish","type":"page","link":"https:\/\/www.tecnosoft.eu\/it\/azienda\/","title":{"rendered":"Azienda"},"content":{"rendered":"<p><\/p>\n<h3 id=\"company-content-vision\">Vision<\/h3>\n<p>Tecnosoft poggia le sue basi sulla creativit\u00e0 delle persone di cui \u00e8 composta. Sono valori portanti e fondamentali la collaborazione, la comunicazione interna ed esterna, la condivisione delle idee, il tutto perseguendo il raggiungimento degli obiettivi preposti mantenendo sempre un\u2019etica di correttezza ed onest\u00e0.<\/p>\n<p>I punti di focalizzazione dell\u2019attivit\u00e0 sono le Vendite, il Marketing, il Prodotto e la Customer Experience.<\/p>\n<p>Ci interfacciamo direttamente con gli utilizzatori finali ed abbiamo importanti collaborazioni con molti partner per la distribuzione delle nostre soluzioni. La Strategia di Marketing \u00e8 direttamente focalizzata per Cliente e per Settore di Attivit\u00e0, con un costante sviluppo di contenuti multimediali e multi piattaforma.<\/p>\n<p>Il nostro obiettivo \u00e8 che il cliente, chiunque esso sia, da chi usa i nostri sistemi standard a chi ci affida un nuovo progetto, viva un\u2019esperienza unica dai primi contatti fino alla delivery finale e l\u2019attivit\u00e0 post vendita.<\/p>\n<p>Potete scaricare il curriculum di Tecnosoft da <a href=\"http:\/\/tecnosoft.eu\/download\/tecnosoft_curriculum_en.pdf\" download=\"Tecnosoft Curriculum.pdf\">qui<\/a><\/p>\n<p><!--contentpartdivider--><\/p>\n<h3 id=\"company-content-history\">Storia<\/h3>\n<p>Tecnosoft nasce nel 1989 come societ\u00e0 di ricerca e sviluppo di sistemi di acquisizione dati conto terzi: dalle richieste iniziali dei clienti venivano redatte le specifiche del nuovo sistema,<br \/>\nche solitamente comprendeva una parte elettronica con firmware ed una parte software per la gestione.<\/p>\n<p>I clienti provenivano da mercati e campi di attivit\u00e0 diversi, dalla geotecnica al tessile, dal medicale all\u2019industriale. In questi anni Tecnosoft ha sviluppato importanti capacit\u00e0 nel saper<br \/>\ncogliere le esigenze dei clienti e tradurle in specifiche prima e sistemi poi, tenendosi sempre aggiornata sulle nuove tecnologie in commercio proponendo sempre soluzioni all\u2019avanguardia.<\/p>\n<p>Dal 2002 \u00e8 stata realizzata una linea di dispositivi a marchio proprio: si tratta di soluzioni per il monitoraggio di diversi parametri quali temperatura, umidit\u00e0, pressione ecc.<\/p>\n<p>I campi di applicazioni, anche in questo caso, sono molteplici: dal farmaceutico all\u2019alimentare, dall\u2019energetico ai laboratori, dall\u2019ambientale al medicale.<\/p>\n<p>Tecnosoft non si limita a sviluppare il semplice dispositivo ma fornisce una soluzione completa che comprende software dedicati alle diverse applicazioni ed ai diversi ambiti, che rispondano<br \/>\nalle esigenze normative in vigore ed alla necessit\u00e0 di semplicit\u00e0 e praticit\u00e0 richieste dagli utenti.<\/p>\n<p>Grazie alla sua flessibilit\u00e0 ed al continuo aggiornamento riesce a cogliere rapidamente le esigenze degli utenti e trasformarle in nuovi sistemi o aggiornamenti di soluzioni esistenti, oltre<br \/>\nal fatto di poterle personalizzare a seconda delle diverse esigenze.<\/p>\n<p><!--contentpartdivider--><\/p>\n<h3 id=\"company-content-certification\">Certificazione<\/h3>\n<p>Dal 2002 Tecnosoft ha adottato un sistema di qualit\u00e0 certificato prima ISO 9001:2000 ed ora 9001:2015, passando per la 9001:2008.<\/p>\n<p>Le procedure del sistema qualit\u00e0 garantiscono che lo sviluppo del software segua precisi standard e passaggi affinch\u00e9 possa essere sempre tenuto sotto controllo ed in continuo miglioramento, anche grazie ai consigli ed i suggerimenti dei numerosi utenti.<\/p>\n<p>Scaricate il certificato facendo clic sull\u2019immagine a lato.<\/p>\n<p><!--contentpartdivider--><\/p>\n<h3 id=\"quality-policy\">Politica per la gestione della qualit\u00e0<\/h3>\n<p>Tecnosoft, sin dai suoi esordi, \u00e8 stata ed \u00e8 un\u2019azienda fortemente orientata alla Ricerca &amp; Sviluppo di sistemi di acquisizione dati che sfruttano le novit\u00e0 tecnologiche disponibili sul mercato. Tale caratteristica \u00e8 la chiave di Tecnosoft: una realt\u00e0 sempre aggiornata tramite corsi, autoformazione, partecipazione ad eventi e fiere. Questo know how \u00e8 convogliato verso due correnti principali: lo sviluppo di sistemi a marchio proprio da presentare direttamente sul mercato e lo sviluppo di sistemi su misura in base alle richieste e specifiche del cliente. Le esperienze sviluppate portano alla nascita di brand del gruppo con cui sfruttare il know how acquisito anche in nuovi mercati, previo studio delle esigenze e delle richieste. La soddisfazione del cliente \u00e8 costantemente monitorata affinch\u00e9 l\u2019uso dei sistemi Tecnosoft si possa rivelare come un\u2019esperienza non solo soddisfacente ma anche appagante e sorprendente.<br \/>\nVista la forte propensione all\u2019R&amp;D Tecnosoft \u00e8 un\u2019azienda che poggia le sue basi sulla creativit\u00e0 delle persone di cui ne fanno parte. Per questo sono fondamentali e valori portanti la collaborazione, la comunicazione interna ed esterna, la condivisione delle idee, il tutto perseguendo il raggiungimento degli obiettivi preposti mantenendo al contempo un\u2019etica di correttezza ed onest\u00e0.<br \/>\nL\u2019ambiente di lavoro risulta sereno ed al contempo dinamico e stimolante, dove ognuno pu\u00f2 sentirsi libero di esprimersi e portare il proprio contributo di idee. I collaboratori vivono l\u2019azienda come un team di cui andare orgogliosi e il loro grado di soddisfazione \u00e8 altrettanto oggetto di monitoraggio, affinch\u00e9 le performance possano migliorare costantemente, ricadendo cos\u00ec sull\u2019experience positiva e finale dei clienti.<\/p>\n<p>Il CDA definisce la linea aziendale, espressione stessa dei valori sopra esposti.<\/p>\n<p>La presenza di Tecnosoft sul mercato \u00e8 sia diretta, tramite la creazione di filiali nel mondo, che indiretta, tramite collaborazioni con i distributori.<br \/>\nOltre ad una costante presenza sul web e social in generale, sono presenti pubblicazioni di articoli, magazine e libri, partecipazione a convegni, eventi e fiere. Tecnosoft, inoltre, collabora con i professionisti di vari settori di riferimento (ad esempio, tecnologi alimentari, responsabili della qualit\u00e0 nel mondo farmaceutico, validatori ecc.) e fa parte di network associativi di categoria.<br \/>\nInfine, ma non meno importante, Tecnosoft \u00e8 in prima linea nello sviluppo di programmi ed iniziative socialmente utili a vario livello, oltre che nella realizzazione di una Academy interna con corsi per la formazione professionale rivolta ai giovani e per la formazione dei propri clienti tramite interventi di professionisti.<\/p>\n<p><!--contentpartdivider--><\/p>\n<h3 id=\"company-content-press-review\">Dicono di noi<\/h3>\n<p><\/p>","protected":false},"excerpt":{"rendered":"<p>Vision Tecnosoft poggia le sue basi sulla creativit\u00e0 delle persone di cui \u00e8 composta. Sono valori portanti e fondamentali la [&hellip;]<\/p>\n","protected":false},"author":1,"featured_media":0,"parent":0,"menu_order":80,"comment_status":"closed","ping_status":"closed","template":"","meta":[],"acf":[],"aioseo_notices":[],"_links":{"self":[{"href":"https:\/\/www.tecnosoft.eu\/it\/wp-json\/wp\/v2\/pages\/9"}],"collection":[{"href":"https:\/\/www.tecnosoft.eu\/it\/wp-json\/wp\/v2\/pages"}],"about":[{"href":"https:\/\/www.tecnosoft.eu\/it\/wp-json\/wp\/v2\/types\/page"}],"author":[{"embeddable":true,"href":"https:\/\/www.tecnosoft.eu\/it\/wp-json\/wp\/v2\/users\/1"}],"replies":[{"embeddable":true,"href":"https:\/\/www.tecnosoft.eu\/it\/wp-json\/wp\/v2\/comments?post=9"}],"version-history":[{"count":9,"href":"https:\/\/www.tecnosoft.eu\/it\/wp-json\/wp\/v2\/pages\/9\/revisions"}],"predecessor-version":[{"id":493,"href":"https:\/\/www.tecnosoft.eu\/it\/wp-json\/wp\/v2\/pages\/9\/revisions\/493"}],"wp:attachment":[{"href":"https:\/\/www.tecnosoft.eu\/it\/wp-json\/wp\/v2\/media?parent=9"}],"curies":[{"name":"wp","href":"https:\/\/api.w.org\/{rel}","templated":true}]}}